
{"id":5,"date":"2012-01-10T19:37:16","date_gmt":"2012-01-10T19:37:16","guid":{"rendered":"http:\/\/www.knihovna.info\/xxxx\/?page_id=5"},"modified":"2017-03-01T08:45:38","modified_gmt":"2017-03-01T08:45:38","slug":"kontakt","status":"publish","type":"page","link":"https:\/\/vojkovice.knihovna.info\/?page_id=5","title":{"rendered":"Kontakt"},"content":{"rendered":"<p>Knihovnice<\/p>\n<p>Eva Sojkov\u00e1<\/p>\n<p>M\u00edstn\u00ed knihovna Vojkovice<br \/>\n\u010d.p. 88<\/p>\n<p>739 51 Vojkovice<br \/>\nTel.: 777 799 686<\/p>\n<p>Email: knihovnavojkovice@seznam.cz<\/p>\n<p>&nbsp;<\/p>\n<p>&nbsp;<\/p>\n<p>&nbsp;<\/p>\n<hr \/>\n<p>&nbsp;<\/p>\n","protected":false},"excerpt":{"rendered":"<p>Knihovnice Eva Sojkov\u00e1 M\u00edstn\u00ed knihovna Vojkovice \u010d.p. 88 739 51 Vojkovice Tel.: 777 799 686 Email: knihovnavojkovice@seznam.cz &nbsp; &nbsp; &nbsp; &nbsp;<\/p>\n","protected":false},"author":1,"featured_media":0,"parent":0,"menu_order":0,"comment_status":"closed","ping_status":"closed","template":"","meta":{"footnotes":""},"class_list":["post-5","page","type-page","status-publish","hentry"],"_links":{"self":[{"href":"https:\/\/vojkovice.knihovna.info\/index.php?rest_route=\/wp\/v2\/pages\/5","targetHints":{"allow":["GET"]}}],"collection":[{"href":"https:\/\/vojkovice.knihovna.info\/index.php?rest_route=\/wp\/v2\/pages"}],"about":[{"href":"https:\/\/vojkovice.knihovna.info\/index.php?rest_route=\/wp\/v2\/types\/page"}],"author":[{"embeddable":true,"href":"https:\/\/vojkovice.knihovna.info\/index.php?rest_route=\/wp\/v2\/users\/1"}],"replies":[{"embeddable":true,"href":"https:\/\/vojkovice.knihovna.info\/index.php?rest_route=%2Fwp%2Fv2%2Fcomments&post=5"}],"version-history":[{"count":9,"href":"https:\/\/vojkovice.knihovna.info\/index.php?rest_route=\/wp\/v2\/pages\/5\/revisions"}],"predecessor-version":[{"id":80,"href":"https:\/\/vojkovice.knihovna.info\/index.php?rest_route=\/wp\/v2\/pages\/5\/revisions\/80"}],"wp:attachment":[{"href":"https:\/\/vojkovice.knihovna.info\/index.php?rest_route=%2Fwp%2Fv2%2Fmedia&parent=5"}],"curies":[{"name":"wp","href":"https:\/\/api.w.org\/{rel}","templated":true}]}}