
{"id":12,"date":"2012-01-10T19:48:07","date_gmt":"2012-01-10T19:48:07","guid":{"rendered":"http:\/\/vojkovice.knihovna.info\/?page_id=12"},"modified":"2017-03-01T08:55:43","modified_gmt":"2017-03-01T08:55:43","slug":"cenik","status":"publish","type":"page","link":"https:\/\/vojkovice.knihovna.info\/?page_id=12","title":{"rendered":"Cen\u00edk"},"content":{"rendered":"<p>Registrace \u010dten\u00e1\u0159\u016f:<\/p>\n<p>Poplatek na cel\u00fd rok: dosp\u011bl\u00ed &#8230;&#8230;&#8230;&#8230;. 40,- K\u010d<br \/>\nd\u011bti do 15 let &#8230;&#8230;.. 30,- K\u010d<\/p>\n<p>Upom\u00ednky<br \/>\nRezervace knih&#8230;&#8230;&#8230;. zdarma<\/p>\n<p>Meziknihovn\u00ed slu\u017eby&#8230;&#8230;&#8230;&#8230;&#8230;&#8230;&#8230;..15,- K\u010d<br \/>\nKop\u00edrov\u00e1n\u00ed dokument\u016f A4 &#8230;&#8230;&#8230;&#8230;..5,- K\u010d<br \/>\nTiskov\u00e9 v\u00fdstupy A4&#8230;&#8230;&#8230;&#8230;&#8230;&#8230;&#8230;&#8230;..5,- K\u010d<br \/>\nPou\u017eit\u00ed PC na pracovi\u0161t\u00edch knihovny (internet, Office) zdarma<\/p>\n","protected":false},"excerpt":{"rendered":"<p>Registrace \u010dten\u00e1\u0159\u016f: Poplatek na cel\u00fd rok: dosp\u011bl\u00ed &#8230;&#8230;&#8230;&#8230;. 40,- K\u010d d\u011bti do 15 let &#8230;&#8230;.. 30,- K\u010d Upom\u00ednky Rezervace knih&#8230;&#8230;&#8230;. zdarma Meziknihovn\u00ed slu\u017eby&#8230;&#8230;&#8230;&#8230;&#8230;&#8230;&#8230;..15,- K\u010d Kop\u00edrov\u00e1n\u00ed dokument\u016f A4 &#8230;&#8230;&#8230;&#8230;..5,- K\u010d Tiskov\u00e9 v\u00fdstupy A4&#8230;&#8230;&#8230;&#8230;&#8230;&#8230;&#8230;&#8230;..5,- K\u010d Pou\u017eit\u00ed PC na pracovi\u0161t\u00edch knihovny (internet, Office) &hellip; <a href=\"https:\/\/vojkovice.knihovna.info\/?page_id=12\">Cel\u00fd p\u0159\u00edsp\u011bvek <span class=\"meta-nav\">&rarr;<\/span><\/a><\/p>\n","protected":false},"author":1,"featured_media":0,"parent":0,"menu_order":0,"comment_status":"closed","ping_status":"closed","template":"","meta":{"footnotes":""},"class_list":["post-12","page","type-page","status-publish","hentry"],"_links":{"self":[{"href":"https:\/\/vojkovice.knihovna.info\/index.php?rest_route=\/wp\/v2\/pages\/12","targetHints":{"allow":["GET"]}}],"collection":[{"href":"https:\/\/vojkovice.knihovna.info\/index.php?rest_route=\/wp\/v2\/pages"}],"about":[{"href":"https:\/\/vojkovice.knihovna.info\/index.php?rest_route=\/wp\/v2\/types\/page"}],"author":[{"embeddable":true,"href":"https:\/\/vojkovice.knihovna.info\/index.php?rest_route=\/wp\/v2\/users\/1"}],"replies":[{"embeddable":true,"href":"https:\/\/vojkovice.knihovna.info\/index.php?rest_route=%2Fwp%2Fv2%2Fcomments&post=12"}],"version-history":[{"count":4,"href":"https:\/\/vojkovice.knihovna.info\/index.php?rest_route=\/wp\/v2\/pages\/12\/revisions"}],"predecessor-version":[{"id":82,"href":"https:\/\/vojkovice.knihovna.info\/index.php?rest_route=\/wp\/v2\/pages\/12\/revisions\/82"}],"wp:attachment":[{"href":"https:\/\/vojkovice.knihovna.info\/index.php?rest_route=%2Fwp%2Fv2%2Fmedia&parent=12"}],"curies":[{"name":"wp","href":"https:\/\/api.w.org\/{rel}","templated":true}]}}